

{"id":4453,"date":"2017-09-27T17:08:21","date_gmt":"2017-09-27T16:08:21","guid":{"rendered":"https:\/\/lanoyacosmetik.com\/contact\/"},"modified":"2022-07-19T05:24:29","modified_gmt":"2022-07-19T04:24:29","slug":"contact","status":"publish","type":"page","link":"https:\/\/lanoyacosmetik.com\/en\/contact\/","title":{"rendered":"Contact"},"content":{"rendered":"<p>[vc_row][vc_column][vc_empty_space height=&#8221;50px&#8221;][\/vc_column][\/vc_row][vc_row css=&#8221;.vc_custom_1658204630973{background-color: #f4eddc !important;}&#8221;][vc_column width=&#8221;1\/2&#8243;]\n<div class=\"wpcf7 no-js\" id=\"wpcf7-f4738-o1\" lang=\"en-US\" dir=\"ltr\">\n<div class=\"screen-reader-response\"><p role=\"status\" aria-live=\"polite\" aria-atomic=\"true\"><\/p> <ul><\/ul><\/div>\n<form action=\"\/en\/wp-json\/wp\/v2\/pages\/4453#wpcf7-f4738-o1\" method=\"post\" class=\"wpcf7-form init\" aria-label=\"Contact form\" novalidate=\"novalidate\" data-status=\"init\">\n<div style=\"display: none;\">\n<input type=\"hidden\" name=\"_wpcf7\" value=\"4738\" \/>\n<input type=\"hidden\" name=\"_wpcf7_version\" value=\"5.7.6\" \/>\n<input type=\"hidden\" name=\"_wpcf7_locale\" value=\"en_US\" \/>\n<input type=\"hidden\" name=\"_wpcf7_unit_tag\" value=\"wpcf7-f4738-o1\" \/>\n<input type=\"hidden\" name=\"_wpcf7_container_post\" value=\"0\" \/>\n<input type=\"hidden\" name=\"_wpcf7_posted_data_hash\" value=\"\" \/>\n<\/div>\n<p><label> Your Name (requis)<br \/>\n<span class=\"wpcf7-form-control-wrap\" data-name=\"your-name\"><input size=\"40\" class=\"wpcf7-form-control wpcf7-text wpcf7-validates-as-required\" aria-required=\"true\" aria-invalid=\"false\" value=\"\" type=\"text\" name=\"your-name\" \/><\/span> <\/label>\n<\/p>\n<p><label> Your Email (requis)<br \/>\n<span class=\"wpcf7-form-control-wrap\" data-name=\"your-email\"><input size=\"40\" class=\"wpcf7-form-control wpcf7-text wpcf7-email wpcf7-validates-as-required wpcf7-validates-as-email\" aria-required=\"true\" aria-invalid=\"false\" value=\"\" type=\"email\" name=\"your-email\" \/><\/span> <\/label>\n<\/p>\n<p><label> Subject<br \/>\n<span class=\"wpcf7-form-control-wrap\" data-name=\"your-subject\"><input size=\"40\" class=\"wpcf7-form-control wpcf7-text\" aria-invalid=\"false\" value=\"\" type=\"text\" name=\"your-subject\" \/><\/span> <\/label>\n<\/p>\n<p><label> Your Message<br \/>\n<span class=\"wpcf7-form-control-wrap\" data-name=\"your-message\"><textarea cols=\"40\" rows=\"10\" class=\"wpcf7-form-control wpcf7-textarea\" aria-invalid=\"false\" name=\"your-message\"><\/textarea><\/span> <\/label>\n<\/p>\n<p><input class=\"wpcf7-form-control has-spinner wpcf7-submit\" type=\"submit\" value=\"Send\" \/>\n<\/p><div class=\"wpcf7-response-output\" aria-hidden=\"true\"><\/div>\n<\/form>\n<\/div>\n[\/vc_column][vc_column width=&#8221;1\/2&#8243;][vc_gmaps link=&#8221;#E-8_JTNDaWZyYW1lJTIwc3JjJTNEJTIyaHR0cHMlM0ElMkYlMkZ3d3cuZ29vZ2xlLmNvbSUyRm1hcHMlMkZlbWJlZCUzRnBiJTNEJTIxMW0xOCUyMTFtMTIlMjExbTMlMjExZDQxOTg4LjUwMTAwNDI2NDI5JTIxMmQyLjE0NTYwNjc5MjM3Mjk4NTMlMjEzZDQ4Ljg3MTkxMzU1MzE4NzQ4JTIxMm0zJTIxMWYwJTIxMmYwJTIxM2YwJTIxM20yJTIxMWkxMDI0JTIxMmk3NjglMjE0ZjEzLjElMjEzbTMlMjExbTIlMjExczB4NDdlNjYzNWE1M2E3ODcyYiUyNTNBMHgxYzBiODJjNmUxZDg4MTEwJTIxMnM5MjUwMCUyNTIwUnVlaWwtTWFsbWFpc29uJTIxNWUwJTIxM20yJTIxMXNmciUyMTJzZnIlMjE0djE2NTcyMDQ5ODQ5MTklMjE1bTIlMjExc2ZyJTIxMnNmciUyMiUyMHdpZHRoJTNEJTIyNjAwJTIyJTIwaGVpZ2h0JTNEJTIyNDUwJTIyJTIwc3R5bGUlM0QlMjJib3JkZXIlM0EwJTNCJTIyJTIwYWxsb3dmdWxsc2NyZWVuJTNEJTIyJTIyJTIwbG9hZGluZyUzRCUyMmxhenklMjIlMjByZWZlcnJlcnBvbGljeSUzRCUyMm5vLXJlZmVycmVyLXdoZW4tZG93bmdyYWRlJTIyJTNFJTNDJTJGaWZyYW1lJTNF&#8221;][\/vc_column][\/vc_row][vc_row][vc_column width=&#8221;1\/4&#8243;][vc_empty_space height=&#8221;40px&#8221;][vc_icon icon_fontawesome=&#8221;fas fa-phone-alt&#8221; color=&#8221;white&#8221; background_style=&#8221;boxed&#8221; background_color=&#8221;custom&#8221; align=&#8221;center&#8221; custom_background_color=&#8221;#c9a654&#8243;]<div class=\"nasa-dft nasa-title clearfix hr-type-none text-center\"><h3 class=\"nasa-heading-title\">Support Fran\u00e7ais<\/h3><p class=\"nasa-title-desc\">Une \u00e9quipe \u00e0 votre \u00e9coute pour r\u00e9pondre \u00e0 toutes vos questions.<\/p><\/div>[\/vc_column][vc_column width=&#8221;1\/4&#8243;][vc_empty_space height=&#8221;40px&#8221;][vc_icon icon_fontawesome=&#8221;fas fa-envelope&#8221; color=&#8221;white&#8221; background_style=&#8221;boxed&#8221; background_color=&#8221;custom&#8221; align=&#8221;center&#8221; custom_background_color=&#8221;#c9a654&#8243;]<div class=\"nasa-dft nasa-title clearfix hr-type-none text-center\"><h3 class=\"nasa-heading-title\">Paiements S\u00e9curis\u00e9s<\/h3><p class=\"nasa-title-desc\">Nous avons choisi de confier la gestion de nos paiements en ligne \u00e0 Stripe &amp; Paypal gr\u00e2ce \u00e0 leurs services 100% S\u00e9curis\u00e9s.<\/p><\/div>[\/vc_column][vc_column width=&#8221;1\/4&#8243;][vc_empty_space height=&#8221;40px&#8221;][vc_icon icon_fontawesome=&#8221;fas fa-location-arrow&#8221; color=&#8221;white&#8221; background_style=&#8221;boxed&#8221; background_color=&#8221;custom&#8221; align=&#8221;center&#8221; custom_background_color=&#8221;#c9a654&#8243;]<div class=\"nasa-dft nasa-title clearfix hr-type-none text-center\"><h3 class=\"nasa-heading-title\">Satisfait ou Rembours\u00e9<\/h3><p class=\"nasa-title-desc\">Nous proposons le Satisfait ou Rembours\u00e9 pendant 14 jours apr\u00e8s r\u00e9ception des articles !<\/p><\/div>[\/vc_column][vc_column width=&#8221;1\/4&#8243;][vc_empty_space height=&#8221;40px&#8221;][vc_icon icon_fontawesome=&#8221;far fa-clock&#8221; color=&#8221;white&#8221; background_style=&#8221;boxed&#8221; background_color=&#8221;custom&#8221; align=&#8221;center&#8221; custom_background_color=&#8221;#c9a654&#8243;]<div class=\"nasa-dft nasa-title clearfix hr-type-none text-center\"><h3 class=\"nasa-heading-title\">Livraison Suivie<\/h3><p class=\"nasa-title-desc\">Votre commande sera livr\u00e9e gratuitement \u00e0 votre domicile et sera exp\u00e9di\u00e9e en 24H\/48H ! D\u00e8s 250\u20ac d'achats uniquement en France m\u00e9tropolitaine.<\/p><\/div>[\/vc_column][\/vc_row][vc_row][vc_column][vc_empty_space height=&#8221;100px&#8221;][\/vc_column][\/vc_row]<\/p>\n","protected":false},"excerpt":{"rendered":"<p>[vc_row][vc_column][vc_empty_space height=&#8221;50px&#8221;][\/vc_column][\/vc_row][vc_row css=&#8221;.vc_custom_1658204630973{background-color: #f4eddc !important;}&#8221;][vc_column width=&#8221;1\/2&#8243;][\/vc_column][vc_column width=&#8221;1\/2&#8243;][vc_gmaps link=&#8221;#E-8_JTNDaWZyYW1lJTIwc3JjJTNEJTIyaHR0cHMlM0ElMkYlMkZ3d3cuZ29vZ2xlLmNvbSUyRm1hcHMlMkZlbWJlZCUzRnBiJTNEJTIxMW0xOCUyMTFtMTIlMjExbTMlMjExZDQxOTg4LjUwMTAwNDI2NDI5JTIxMmQyLjE0NTYwNjc5MjM3Mjk4NTMlMjEzZDQ4Ljg3MTkxMzU1MzE4NzQ4JTIxMm0zJTIxMWYwJTIxMmYwJTIxM2YwJTIxM20yJTIxMWkxMDI0JTIxMmk3NjglMjE0ZjEzLjElMjEzbTMlMjExbTIlMjExczB4NDdlNjYzNWE1M2E3ODcyYiUyNTNBMHgxYzBiODJjNmUxZDg4MTEwJTIxMnM5MjUwMCUyNTIwUnVlaWwtTWFsbWFpc29uJTIxNWUwJTIxM20yJTIxMXNmciUyMTJzZnIlMjE0djE2NTcyMDQ5ODQ5MTklMjE1bTIlMjExc2ZyJTIxMnNmciUyMiUyMHdpZHRoJTNEJTIyNjAwJTIyJTIwaGVpZ2h0JTNEJTIyNDUwJTIyJTIwc3R5bGUlM0QlMjJib3JkZXIlM0EwJTNCJTIyJTIwYWxsb3dmdWxsc2NyZWVuJTNEJTIyJTIyJTIwbG9hZGluZyUzRCUyMmxhenklMjIlMjByZWZlcnJlcnBvbGljeSUzRCUyMm5vLXJlZmVycmVyLXdoZW4tZG93bmdyYWRlJTIyJTNFJTNDJTJGaWZyYW1lJTNF&#8221;][\/vc_column][\/vc_row][vc_row][vc_column width=&#8221;1\/4&#8243;][vc_empty_space height=&#8221;40px&#8221;][vc_icon icon_fontawesome=&#8221;fas fa-phone-alt&#8221; color=&#8221;white&#8221; background_style=&#8221;boxed&#8221; background_color=&#8221;custom&#8221; align=&#8221;center&#8221; custom_background_color=&#8221;#c9a654&#8243;][\/vc_column][vc_column width=&#8221;1\/4&#8243;][vc_empty_space height=&#8221;40px&#8221;][vc_icon icon_fontawesome=&#8221;fas fa-envelope&#8221; color=&#8221;white&#8221; background_style=&#8221;boxed&#8221; background_color=&#8221;custom&#8221; align=&#8221;center&#8221; custom_background_color=&#8221;#c9a654&#8243;][\/vc_column][vc_column width=&#8221;1\/4&#8243;][vc_empty_space height=&#8221;40px&#8221;][vc_icon icon_fontawesome=&#8221;fas fa-location-arrow&#8221; color=&#8221;white&#8221; background_style=&#8221;boxed&#8221; background_color=&#8221;custom&#8221; align=&#8221;center&#8221; custom_background_color=&#8221;#c9a654&#8243;][\/vc_column][vc_column width=&#8221;1\/4&#8243;][vc_empty_space height=&#8221;40px&#8221;][vc_icon icon_fontawesome=&#8221;far fa-clock&#8221; color=&#8221;white&#8221; background_style=&#8221;boxed&#8221; background_color=&#8221;custom&#8221; align=&#8221;center&#8221; custom_background_color=&#8221;#c9a654&#8243;][\/vc_column][\/vc_row][vc_row][vc_column][vc_empty_space height=&#8221;100px&#8221;][\/vc_column][\/vc_row]<\/p>\n","protected":false},"author":1,"featured_media":0,"parent":0,"menu_order":0,"comment_status":"closed","ping_status":"closed","template":"page-visual-composer.php","meta":{"om_disable_all_campaigns":false},"_links":{"self":[{"href":"https:\/\/lanoyacosmetik.com\/en\/wp-json\/wp\/v2\/pages\/4453"}],"collection":[{"href":"https:\/\/lanoyacosmetik.com\/en\/wp-json\/wp\/v2\/pages"}],"about":[{"href":"https:\/\/lanoyacosmetik.com\/en\/wp-json\/wp\/v2\/types\/page"}],"author":[{"embeddable":true,"href":"https:\/\/lanoyacosmetik.com\/en\/wp-json\/wp\/v2\/users\/1"}],"replies":[{"embeddable":true,"href":"https:\/\/lanoyacosmetik.com\/en\/wp-json\/wp\/v2\/comments?post=4453"}],"version-history":[{"count":4,"href":"https:\/\/lanoyacosmetik.com\/en\/wp-json\/wp\/v2\/pages\/4453\/revisions"}],"predecessor-version":[{"id":4710,"href":"https:\/\/lanoyacosmetik.com\/en\/wp-json\/wp\/v2\/pages\/4453\/revisions\/4710"}],"wp:attachment":[{"href":"https:\/\/lanoyacosmetik.com\/en\/wp-json\/wp\/v2\/media?parent=4453"}],"curies":[{"name":"wp","href":"https:\/\/api.w.org\/{rel}","templated":true}]}}