

{"id":5142,"date":"2024-01-03T12:59:41","date_gmt":"2024-01-03T11:59:41","guid":{"rendered":"https:\/\/lanoyacosmetik.com\/?post_type=product&#038;p=5142"},"modified":"2025-07-17T10:46:38","modified_gmt":"2025-07-17T09:46:38","slug":"detox-lanoya-200ml","status":"publish","type":"product","link":"https:\/\/lanoyacosmetik.com\/en\/produit\/detox-lanoya-200ml\/","title":{"rendered":"D\u00e9tox Lanoya 200ML"},"content":{"rendered":"<p>DETOX 200ml<br \/>\nPOUR NETTOYER ET PURIFIER L&#8217;ORGANISME<\/p>\n<p>BIENFAITS<br \/>\n\u2022 Participe au maintien du bon fonctionnement du foie (chicor\u00e9e, pissenlit)<br \/>\n\u2022 Favorise l\u2019\u00e9limination des toxines de l\u2019organisme (pissenlit, chlorella)<br \/>\n\u2022 Aide \u00e0 \u00e9liminer les m\u00e9taux lourds du corps (chlorella)<br \/>\n\u2022 Contribue au confort digestif (artichaut)<\/p>\n<p>ATOUTS<br \/>\n\u2022 Son ar\u00f4me citron<br \/>\n\u2022 Sa forme liquide<br \/>\n\u2022 Ses 5 plantes<br \/>\n\u2022 Formule vegan<\/p>\n<p>ASSOCIATIONS<br \/>\nPour un confort digestif et une action purifiante associez-le \u00e0 notre Belle Peau Antioxydant et\/ou notre Anti-\u00c2ge et\/ou notre Solaire*<\/p>\n","protected":false},"excerpt":{"rendered":"<p>DETOX 200ml POUR NETTOYER ET PURIFIER L&#8217;ORGANISME BIENFAITS \u2022 Participe au maintien du bon fonctionnement du foie (chicor\u00e9e, pissenlit) \u2022 Favorise l\u2019\u00e9limination des toxines de l\u2019organisme (pissenlit, chlorella) \u2022 Aide \u00e0 \u00e9liminer les m\u00e9taux lourds du corps (chlorella) \u2022 Contribue au confort digestif (artichaut) ATOUTS \u2022 Son ar\u00f4me citron \u2022 Sa forme liquide \u2022 Ses [&hellip;]<\/p>\n","protected":false},"featured_media":5143,"comment_status":"closed","ping_status":"closed","template":"","meta":{"om_disable_all_campaigns":false},"product_cat":[22],"product_tag":[],"_links":{"self":[{"href":"https:\/\/lanoyacosmetik.com\/en\/wp-json\/wp\/v2\/product\/5142"}],"collection":[{"href":"https:\/\/lanoyacosmetik.com\/en\/wp-json\/wp\/v2\/product"}],"about":[{"href":"https:\/\/lanoyacosmetik.com\/en\/wp-json\/wp\/v2\/types\/product"}],"replies":[{"embeddable":true,"href":"https:\/\/lanoyacosmetik.com\/en\/wp-json\/wp\/v2\/comments?post=5142"}],"wp:featuredmedia":[{"embeddable":true,"href":"https:\/\/lanoyacosmetik.com\/en\/wp-json\/wp\/v2\/media\/5143"}],"wp:attachment":[{"href":"https:\/\/lanoyacosmetik.com\/en\/wp-json\/wp\/v2\/media?parent=5142"}],"wp:term":[{"taxonomy":"product_cat","embeddable":true,"href":"https:\/\/lanoyacosmetik.com\/en\/wp-json\/wp\/v2\/product_cat?post=5142"},{"taxonomy":"product_tag","embeddable":true,"href":"https:\/\/lanoyacosmetik.com\/en\/wp-json\/wp\/v2\/product_tag?post=5142"}],"curies":[{"name":"wp","href":"https:\/\/api.w.org\/{rel}","templated":true}]}}