

{"id":5146,"date":"2024-01-03T13:05:23","date_gmt":"2024-01-03T12:05:23","guid":{"rendered":"https:\/\/lanoyacosmetik.com\/?post_type=product&#038;p=5146"},"modified":"2025-06-04T09:08:01","modified_gmt":"2025-06-04T08:08:01","slug":"solaire","status":"publish","type":"product","link":"https:\/\/lanoyacosmetik.com\/en\/produit\/solaire\/","title":{"rendered":"\u200bSolaire*\u200b"},"content":{"rendered":"<p>SOLAIRE* 22g<br \/>\nPOUR UN TEINT H\u00c2LE ET SUBLIME TOUTE L&#8217;ANNEE<\/p>\n<p>BIENFAITS<br \/>\nLes vitamines A, B2 et B3 participent au maintient d&#8217;une jolie peau.<br \/>\nLa vitamine E joue un r\u00f4le dans la protection des cellules contre le stress oxydatif li\u00e9 \u00e0 l&#8217;exposition au soleil. Le cuivre contribue \u00e0 la pigmentation normal de la peau.<\/p>\n<p>ASSOCIATIONS<br \/>\nPour une action pr\u00e9ventive sur le vieillissement cutan\u00e9 associ\u00e9 le \u00e0 notre BELLE PEAU ANTIOXYDANT<\/p>\n","protected":false},"excerpt":{"rendered":"<p>SOLAIRE* 22g POUR UN TEINT H\u00c2LE ET SUBLIME TOUTE L&#8217;ANNEE BIENFAITS Les vitamines A, B2 et B3 participent au maintient d&#8217;une jolie peau. La vitamine E joue un r\u00f4le dans la protection des cellules contre le stress oxydatif li\u00e9 \u00e0 l&#8217;exposition au soleil. Le cuivre contribue \u00e0 la pigmentation normal de la peau. ASSOCIATIONS Pour [&hellip;]<\/p>\n","protected":false},"featured_media":5147,"comment_status":"closed","ping_status":"closed","template":"","meta":{"om_disable_all_campaigns":false},"product_cat":[22],"product_tag":[],"_links":{"self":[{"href":"https:\/\/lanoyacosmetik.com\/en\/wp-json\/wp\/v2\/product\/5146"}],"collection":[{"href":"https:\/\/lanoyacosmetik.com\/en\/wp-json\/wp\/v2\/product"}],"about":[{"href":"https:\/\/lanoyacosmetik.com\/en\/wp-json\/wp\/v2\/types\/product"}],"replies":[{"embeddable":true,"href":"https:\/\/lanoyacosmetik.com\/en\/wp-json\/wp\/v2\/comments?post=5146"}],"wp:featuredmedia":[{"embeddable":true,"href":"https:\/\/lanoyacosmetik.com\/en\/wp-json\/wp\/v2\/media\/5147"}],"wp:attachment":[{"href":"https:\/\/lanoyacosmetik.com\/en\/wp-json\/wp\/v2\/media?parent=5146"}],"wp:term":[{"taxonomy":"product_cat","embeddable":true,"href":"https:\/\/lanoyacosmetik.com\/en\/wp-json\/wp\/v2\/product_cat?post=5146"},{"taxonomy":"product_tag","embeddable":true,"href":"https:\/\/lanoyacosmetik.com\/en\/wp-json\/wp\/v2\/product_tag?post=5146"}],"curies":[{"name":"wp","href":"https:\/\/api.w.org\/{rel}","templated":true}]}}